{"id":15662,"date":"2025-09-02T23:39:16","date_gmt":"2025-09-02T23:39:16","guid":{"rendered":"https:\/\/boldcapital.mx\/boldstudio\/?page_id=15662"},"modified":"2025-09-03T00:09:14","modified_gmt":"2025-09-03T00:09:14","slug":"avances","status":"publish","type":"page","link":"https:\/\/boldcapital.mx\/boldstudio\/avances\/","title":{"rendered":"Noticias"},"content":{"rendered":"\n<style type=\"text\/css\" data-created_by=\"avia_inline_auto\" id=\"style-css-av-mf37jcvm-5437bd44846081dde4919387403390f3\">\n.avia-section.av-mf37jcvm-5437bd44846081dde4919387403390f3{\nbackground-color:#000000;\nbackground-image:unset;\n}\n<\/style>\n<div id='av_section_1'  class='avia-section av-mf37jcvm-5437bd44846081dde4919387403390f3 main_color avia-section-default avia-no-border-styling  avia-builder-el-0  avia-builder-el-no-sibling  avia-bg-style-scroll container_wrap sidebar_right'  ><div class='container av-section-cont-open' ><main  role=\"main\" itemprop=\"mainContentOfPage\"  class='template-page content  av-content-small alpha units'><div class='post-entry post-entry-type-page post-entry-15662'><div class='entry-content-wrapper clearfix'>\n<div  class='flex_column av-u3gyr2-2bc88511ded89111ae878293ff46d2c0 av_one_full  avia-builder-el-1  avia-builder-el-no-sibling  first flex_column_div  '     ><div  data-slideshow-options=\"{&quot;animation&quot;:&quot;fade&quot;,&quot;autoplay&quot;:false,&quot;loop_autoplay&quot;:&quot;once&quot;,&quot;interval&quot;:5,&quot;loop_manual&quot;:&quot;manual-endless&quot;,&quot;autoplay_stopper&quot;:false,&quot;noNavigation&quot;:false,&quot;show_slide_delay&quot;:90}\" class='avia-content-slider avia-content-grid-active avia-content-slider1 avia-content-slider-even  avia-builder-el-2  avia-builder-el-no-sibling  av-slideshow-ui av-control-default   av-no-slider-navigation av-slideshow-manual av-loop-once av-loop-manual-endless '  itemscope=\"itemscope\" itemtype=\"https:\/\/schema.org\/Blog\" ><div class=\"avia-content-slider-inner\"><div class=\"slide-entry-wrap\"><article class='slide-entry flex_column  post-entry post-entry-15681 slide-entry-overview slide-loop-1 slide-parity-odd  av_one_half first real-thumbnail posttype-post post-format-standard'  itemscope=\"itemscope\" itemtype=\"https:\/\/schema.org\/CreativeWork\" ><a href='https:\/\/boldcapital.mx\/boldstudio\/arranca-construccion-de-meseta-towers-en-queretaro\/' data-rel='slide-1' class='slide-image' title='Arranca construcci\u00f3n de Meseta Towers en Quer\u00e9taro'><img decoding=\"async\" fetchpriority=\"high\" width=\"495\" height=\"400\" src=\"https:\/\/boldcapital.mx\/boldstudio\/wp-content\/uploads\/2025\/09\/71_273_43912_846811172_03_07_MESETA_6-800x445-1-495x400.jpg\" class=\"wp-image-15682 avia-img-lazy-loading-not-15682 attachment-portfolio size-portfolio wp-post-image\" alt=\"\" \/><\/a><div class=\"slide-content\"><header class=\"entry-content-header\"><h3 class='slide-entry-title entry-title '  itemprop=\"headline\" ><a href='https:\/\/boldcapital.mx\/boldstudio\/arranca-construccion-de-meseta-towers-en-queretaro\/' title='Arranca construcci\u00f3n de Meseta Towers en Quer\u00e9taro'>Arranca construcci\u00f3n de Meseta Towers en Quer\u00e9taro<\/a><\/h3><span class=\"av-vertical-delimiter\"><\/span><\/header><div class=\"slide-meta\"><time class='slide-meta-time updated'  itemprop=\"datePublished\" datetime=\"2025-09-03T18:06:45+00:00\" >septiembre 3, 2025<\/time><div class=\"slide-meta-del\">\/<\/div><div class=\"slide-meta-comments\"><a href='https:\/\/boldcapital.mx\/boldstudio\/arranca-construccion-de-meseta-towers-en-queretaro\/#respond'>0 Comments<\/a><\/div><\/div><div class='slide-entry-excerpt entry-content'  itemprop=\"text\" ><div class=\"read-more-link\"><a href=\"https:\/\/boldcapital.mx\/boldstudio\/arranca-construccion-de-meseta-towers-en-queretaro\/\" class=\"more-link\">Read more<span class=\"more-link-arrow\"><\/span><\/a><\/div><\/div><\/div><footer class=\"entry-footer\"><\/footer><span class='hidden'>\n\t\t\t\t<span class='av-structured-data'  itemprop=\"image\" itemscope=\"itemscope\" itemtype=\"https:\/\/schema.org\/ImageObject\" >\n\t\t\t\t\t\t<span itemprop='url'>https:\/\/boldcapital.mx\/boldstudio\/wp-content\/uploads\/2025\/09\/71_273_43912_846811172_03_07_MESETA_6-800x445-1.jpg<\/span>\n\t\t\t\t\t\t<span itemprop='height'>445<\/span>\n\t\t\t\t\t\t<span itemprop='width'>800<\/span>\n\t\t\t\t<\/span>\n\t\t\t\t<span class='av-structured-data'  itemprop=\"publisher\" itemtype=\"https:\/\/schema.org\/Organization\" itemscope=\"itemscope\" >\n\t\t\t\t\t\t<span itemprop='name'>koviedo<\/span>\n\t\t\t\t\t\t<span itemprop='logo' itemscope itemtype='https:\/\/schema.org\/ImageObject'>\n\t\t\t\t\t\t\t<span itemprop='url'>http:\/\/boldcapital.mx\/boldstudio\/wp-content\/uploads\/2025\/08\/BOLD-STUDIO-DORADO_PNG-1-300x87.png<\/span>\n\t\t\t\t\t\t<\/span>\n\t\t\t\t<\/span><span class='av-structured-data'  itemprop=\"author\" itemscope=\"itemscope\" itemtype=\"https:\/\/schema.org\/Person\" ><span itemprop='name'>koviedo<\/span><\/span><span class='av-structured-data'  itemprop=\"datePublished\" datetime=\"2025-09-02T23:39:16+00:00\" >2025-09-03 18:06:45<\/span><span class='av-structured-data'  itemprop=\"dateModified\" itemtype=\"https:\/\/schema.org\/dateModified\" >2025-09-03 18:06:45<\/span><span class='av-structured-data'  itemprop=\"mainEntityOfPage\" itemtype=\"https:\/\/schema.org\/mainEntityOfPage\" ><span itemprop='name'>Arranca construcci\u00f3n de Meseta Towers en Quer\u00e9taro<\/span><\/span><\/span><\/article><article class='slide-entry flex_column  post-entry post-entry-15669 slide-entry-overview slide-loop-2 slide-parity-even  post-entry-last  av_one_half  real-thumbnail posttype-post post-format-standard'  itemscope=\"itemscope\" itemtype=\"https:\/\/schema.org\/CreativeWork\" ><a href='https:\/\/boldcapital.mx\/boldstudio\/primera-piedra-en-loreto-apodaca-tower\/' data-rel='slide-1' class='slide-image' title='Primera piedra en Loreto Apodaca Tower'><img decoding=\"async\" fetchpriority=\"high\" width=\"495\" height=\"400\" src=\"https:\/\/boldcapital.mx\/boldstudio\/wp-content\/uploads\/2025\/09\/274096937_682194236122003_1339683259152169532_n-495x400.jpg\" class=\"wp-image-15685 avia-img-lazy-loading-not-15685 attachment-portfolio size-portfolio wp-post-image\" alt=\"\" srcset=\"https:\/\/boldcapital.mx\/boldstudio\/wp-content\/uploads\/2025\/09\/274096937_682194236122003_1339683259152169532_n-495x400.jpg 495w, https:\/\/boldcapital.mx\/boldstudio\/wp-content\/uploads\/2025\/09\/274096937_682194236122003_1339683259152169532_n-845x684.jpg 845w\" sizes=\"(max-width: 495px) 100vw, 495px\" \/><\/a><div class=\"slide-content\"><header class=\"entry-content-header\"><h3 class='slide-entry-title entry-title '  itemprop=\"headline\" ><a href='https:\/\/boldcapital.mx\/boldstudio\/primera-piedra-en-loreto-apodaca-tower\/' title='Primera piedra en Loreto Apodaca Tower'>Primera piedra en Loreto Apodaca Tower<\/a><\/h3><span class=\"av-vertical-delimiter\"><\/span><\/header><div class=\"slide-meta\"><time class='slide-meta-time updated'  itemprop=\"datePublished\" datetime=\"2025-09-02T23:51:51+00:00\" >septiembre 2, 2025<\/time><div class=\"slide-meta-del\">\/<\/div><div class=\"slide-meta-comments\"><a href='https:\/\/boldcapital.mx\/boldstudio\/primera-piedra-en-loreto-apodaca-tower\/#respond'>0 Comments<\/a><\/div><\/div><div class='slide-entry-excerpt entry-content'  itemprop=\"text\" ><div class=\"read-more-link\"><a href=\"https:\/\/boldcapital.mx\/boldstudio\/primera-piedra-en-loreto-apodaca-tower\/\" class=\"more-link\">Read more<span class=\"more-link-arrow\"><\/span><\/a><\/div><\/div><\/div><footer class=\"entry-footer\"><\/footer><span class='hidden'>\n\t\t\t\t<span class='av-structured-data'  itemprop=\"image\" itemscope=\"itemscope\" itemtype=\"https:\/\/schema.org\/ImageObject\" >\n\t\t\t\t\t\t<span itemprop='url'>https:\/\/boldcapital.mx\/boldstudio\/wp-content\/uploads\/2025\/09\/274096937_682194236122003_1339683259152169532_n.jpg<\/span>\n\t\t\t\t\t\t<span itemprop='height'>1794<\/span>\n\t\t\t\t\t\t<span itemprop='width'>1440<\/span>\n\t\t\t\t<\/span>\n\t\t\t\t<span class='av-structured-data'  itemprop=\"publisher\" itemtype=\"https:\/\/schema.org\/Organization\" itemscope=\"itemscope\" >\n\t\t\t\t\t\t<span itemprop='name'>koviedo<\/span>\n\t\t\t\t\t\t<span itemprop='logo' itemscope itemtype='https:\/\/schema.org\/ImageObject'>\n\t\t\t\t\t\t\t<span itemprop='url'>http:\/\/boldcapital.mx\/boldstudio\/wp-content\/uploads\/2025\/08\/BOLD-STUDIO-DORADO_PNG-1-300x87.png<\/span>\n\t\t\t\t\t\t<\/span>\n\t\t\t\t<\/span><span class='av-structured-data'  itemprop=\"author\" itemscope=\"itemscope\" itemtype=\"https:\/\/schema.org\/Person\" ><span itemprop='name'>koviedo<\/span><\/span><span class='av-structured-data'  itemprop=\"datePublished\" datetime=\"2025-09-02T23:39:16+00:00\" >2025-09-02 23:51:51<\/span><span class='av-structured-data'  itemprop=\"dateModified\" itemtype=\"https:\/\/schema.org\/dateModified\" >2025-09-04 17:35:53<\/span><span class='av-structured-data'  itemprop=\"mainEntityOfPage\" itemtype=\"https:\/\/schema.org\/mainEntityOfPage\" ><span itemprop='name'>Primera piedra en Loreto Apodaca Tower<\/span><\/span><\/span><\/article><\/div><\/div><\/div><\/div><\/div><\/div><\/main><!-- close content main element --><\/div><\/div><div id='after_section_1'  class='main_color av_default_container_wrap container_wrap sidebar_right'  ><div class='container av-section-cont-open' ><div class='template-page content  av-content-small alpha units'><div class='post-entry post-entry-type-page post-entry-15662'><div class='entry-content-wrapper clearfix'>\n","protected":false},"excerpt":{"rendered":"","protected":false},"author":1,"featured_media":0,"parent":0,"menu_order":0,"comment_status":"closed","ping_status":"closed","template":"","meta":{"pagelayer_contact_templates":[],"_pagelayer_content":"","_joinchat":[],"footnotes":""},"class_list":["post-15662","page","type-page","status-publish","hentry"],"_links":{"self":[{"href":"https:\/\/boldcapital.mx\/boldstudio\/wp-json\/wp\/v2\/pages\/15662","targetHints":{"allow":["GET"]}}],"collection":[{"href":"https:\/\/boldcapital.mx\/boldstudio\/wp-json\/wp\/v2\/pages"}],"about":[{"href":"https:\/\/boldcapital.mx\/boldstudio\/wp-json\/wp\/v2\/types\/page"}],"author":[{"embeddable":true,"href":"https:\/\/boldcapital.mx\/boldstudio\/wp-json\/wp\/v2\/users\/1"}],"replies":[{"embeddable":true,"href":"https:\/\/boldcapital.mx\/boldstudio\/wp-json\/wp\/v2\/comments?post=15662"}],"version-history":[{"count":4,"href":"https:\/\/boldcapital.mx\/boldstudio\/wp-json\/wp\/v2\/pages\/15662\/revisions"}],"predecessor-version":[{"id":15676,"href":"https:\/\/boldcapital.mx\/boldstudio\/wp-json\/wp\/v2\/pages\/15662\/revisions\/15676"}],"wp:attachment":[{"href":"https:\/\/boldcapital.mx\/boldstudio\/wp-json\/wp\/v2\/media?parent=15662"}],"curies":[{"name":"wp","href":"https:\/\/api.w.org\/{rel}","templated":true}]}}